{"id":240942,"date":"2026-01-12T09:29:37","date_gmt":"2026-01-12T09:29:37","guid":{"rendered":"https:\/\/test.svea.chs.se\/?page_id=240942"},"modified":"2026-04-01T18:50:12","modified_gmt":"2026-04-01T18:50:12","slug":"tester","status":"publish","type":"page","link":"https:\/\/svea.chs.chalmers.se\/new\/?page_id=240942","title":{"rendered":"Medlemmar"},"content":{"rendered":"<p>[et_pb_section fb_built=&#8221;1&#8243; _builder_version=&#8221;4.23.1&#8243; _module_preset=&#8221;default&#8221; background_color=&#8221;RGBA(255,255,255,0)&#8221; min_height=&#8221;996px&#8221; custom_margin=&#8221;100px||||false|false&#8221; custom_padding=&#8221;0px||300px||false|false&#8221; global_colors_info=&#8221;{}&#8221;][et_pb_row column_structure=&#8221;1_4,1_4,1_4,1_4&#8243; _builder_version=&#8221;4.23.1&#8243; _module_preset=&#8221;default&#8221; width=&#8221;65%&#8221; max_width=&#8221;65%&#8221; custom_css_free_form=&#8221;.bw-hover img {||    filter: grayscale(100%);||    transition: all 0.4s ease;||}||||\/* Hover = full f\u00e4rg *\/||.bw-hover:hover img {||    filter: grayscale(0%);||}&#8221; global_colors_info=&#8221;{}&#8221;][et_pb_column type=&#8221;1_4&#8243; _builder_version=&#8221;4.23.1&#8243; _module_preset=&#8221;default&#8221; global_colors_info=&#8221;{}&#8221;][et_pb_image src=&#8221;https:\/\/svea.chs.chalmers.se\/new\/wp-content\/uploads\/2026\/01\/sp-1.png&#8221; module_class=&#8221;bw-hover&#8221; _builder_version=&#8221;4.23.1&#8243; _module_preset=&#8221;default&#8221; custom_margin=&#8221;||10px||false|false&#8221; custom_padding=&#8221;||0px||false|false&#8221; global_colors_info=&#8221;{}&#8221;][\/et_pb_image][et_pb_text _builder_version=&#8221;4.23.1&#8243; _module_preset=&#8221;default&#8221; text_font=&#8221;Inter|300|||||||&#8221; text_text_color=&#8221;#3a3a3a&#8221; text_font_size=&#8221;22px&#8221; hover_enabled=&#8221;0&#8243; global_colors_info=&#8221;{}&#8221; sticky_enabled=&#8221;0&#8243;]<\/p>\n<div class=\"dj-member\" data-name=\"simon persson\" data-role=\"ordf\u00f6rande\" data-section=\"globala system\" data-tasks=\"ansvarar f\u00f6r f\u00f6reningens \u00f6vergripande ledning och strategi. leder m\u00f6ten, representerar f\u00f6reningen ut\u00e5t och s\u00e4kerst\u00e4ller att verksamheten f\u00f6ljer stadgar och m\u00e5l.\" data-genre=\"house\" data-img=\"https:\/\/svea.chs.chalmers.se\/new\/wp-content\/uploads\/2026\/01\/sp-1.png\">\n<p><b>ordf\u00f6rande<\/b><br \/>\n    simon persson<\/p>\n<\/div>\n<p>[\/et_pb_text][\/et_pb_column][et_pb_column type=&#8221;1_4&#8243; _builder_version=&#8221;4.23.1&#8243; _module_preset=&#8221;default&#8221; global_colors_info=&#8221;{}&#8221;][et_pb_image src=&#8221;https:\/\/svea.chs.chalmers.se\/new\/wp-content\/uploads\/2026\/01\/el-1.png&#8221; module_class=&#8221;bw-hover member-ernest&#8221; _builder_version=&#8221;4.23.1&#8243; _module_preset=&#8221;default&#8221; custom_margin=&#8221;||10px||false|false&#8221; global_colors_info=&#8221;{}&#8221;][\/et_pb_image][et_pb_text _builder_version=&#8221;4.23.1&#8243; _module_preset=&#8221;default&#8221; text_font=&#8221;Inter|300|||||||&#8221; text_text_color=&#8221;#3a3a3a&#8221; text_font_size=&#8221;22px&#8221; global_colors_info=&#8221;{}&#8221;]<\/p>\n<div class=\"dj-member\" data-name=\"ernest laskowski\" data-role=\"kass\u00f6r\" data-section=\"maskin\" data-tasks=\"sk\u00f6ter sveas ekonomi. ansvarar f\u00f6r budget, bokf\u00f6ring, betalningar och ekonomisk uppf\u00f6ljning samt rapporterar f\u00f6reningens ekonomiska l\u00e4ge till k\u00e5ren.\" data-genre=\"house\" data-img=\"https:\/\/svea.chs.chalmers.se\/new\/wp-content\/uploads\/2026\/01\/el-1.png\">\n<p><b>kass\u00f6r<\/b><br \/>\n    ernest laskowski<\/p>\n<\/div>\n<p>[\/et_pb_text][\/et_pb_column][et_pb_column type=&#8221;1_4&#8243; _builder_version=&#8221;4.23.1&#8243; _module_preset=&#8221;default&#8221; global_colors_info=&#8221;{}&#8221;][et_pb_image src=&#8221;https:\/\/svea.chs.chalmers.se\/new\/wp-content\/uploads\/2026\/01\/an-1.png&#8221; module_class=&#8221;bw-hover member-anna&#8221; _builder_version=&#8221;4.23.1&#8243; _module_preset=&#8221;default&#8221; custom_margin=&#8221;||10px||false|false&#8221; global_colors_info=&#8221;{}&#8221;][\/et_pb_image][et_pb_text _builder_version=&#8221;4.23.1&#8243; _module_preset=&#8221;default&#8221; text_font=&#8221;Inter|300|||||||&#8221; text_text_color=&#8221;#3a3a3a&#8221; text_font_size=&#8221;22px&#8221; global_colors_info=&#8221;{}&#8221;]<\/p>\n<div class=\"dj-member\" data-name=\"anna nordstr\u00f6m\" data-role=\"bokningsansvarig\" data-section=\"teknisk design\" data-tasks=\"ansvarar f\u00f6r bokningar och kundkontakt inf\u00f6r spelningar och event. koordinerar uppdrag, s\u00e4kerst\u00e4ller r\u00e4tt DJ till r\u00e4tt tillf\u00e4lle och ser till att varje gig levererar p\u00e5 topp.\" data-genre=\"house\" data-img=\"https:\/\/svea.chs.chalmers.se\/new\/wp-content\/uploads\/2026\/01\/an-1.png\">\n<p><b>bokningsansvarig<\/b><br \/>\n    anna nordstr\u00f6m<\/p>\n<\/div>\n<p>[\/et_pb_text][\/et_pb_column][et_pb_column type=&#8221;1_4&#8243; _builder_version=&#8221;4.23.1&#8243; _module_preset=&#8221;default&#8221; global_colors_info=&#8221;{}&#8221;][et_pb_image src=&#8221;https:\/\/svea.chs.chalmers.se\/new\/wp-content\/uploads\/2026\/01\/ek-1.png&#8221; module_class=&#8221;bw-hover&#8221; _builder_version=&#8221;4.23.1&#8243; _module_preset=&#8221;default&#8221; custom_margin=&#8221;||10px||false|false&#8221; global_colors_info=&#8221;{}&#8221;][\/et_pb_image][et_pb_text _builder_version=&#8221;4.23.1&#8243; _module_preset=&#8221;default&#8221; text_font=&#8221;Inter|300|||||||&#8221; text_text_color=&#8221;#3a3a3a&#8221; text_font_size=&#8221;22px&#8221; global_colors_info=&#8221;{}&#8221;]<\/p>\n<div class=\"dj-member\" data-name=\"emma kusag\u00e5rd\" data-role=\"ink\u00f6pschef\" data-section=\"arkitektur\" data-tasks=\"ansvarar f\u00f6r ink\u00f6p av utrustning och material till sveas verksamhet. s\u00e4kerst\u00e4ller kostnadseffektiva l\u00f6sningar och att n\u00f6dv\u00e4ndiga resurser finns inf\u00f6r evenemang.\" data-genre=\"house\" data-img=\"https:\/\/svea.chs.chalmers.se\/new\/wp-content\/uploads\/2026\/01\/ek-1.png\">\n<p><b>ink\u00f6pschef<\/b><br \/>\n    emma kusag\u00e5rd<\/p>\n<\/div>\n<p>[\/et_pb_text][\/et_pb_column][\/et_pb_row][et_pb_row column_structure=&#8221;1_4,1_4,1_4,1_4&#8243; _builder_version=&#8221;4.23.1&#8243; _module_preset=&#8221;default&#8221; width=&#8221;65%&#8221; max_width=&#8221;65%&#8221; custom_css_free_form=&#8221;.bw-hover img {||    filter: grayscale(100%);||    transition: all 0.4s ease;||}||||\/* Hover = full f\u00e4rg *\/||.bw-hover:hover img {||    filter: grayscale(0%);||}&#8221; global_colors_info=&#8221;{}&#8221;][et_pb_column type=&#8221;1_4&#8243; _builder_version=&#8221;4.23.1&#8243; _module_preset=&#8221;default&#8221; global_colors_info=&#8221;{}&#8221;][et_pb_image src=&#8221;https:\/\/svea.chs.chalmers.se\/new\/wp-content\/uploads\/2026\/01\/ftp-1.png&#8221; module_class=&#8221;bw-hover member-image&#8221; _builder_version=&#8221;4.23.1&#8243; _module_preset=&#8221;default&#8221; custom_margin=&#8221;||10px||false|false&#8221; custom_padding=&#8221;||0px||false|false&#8221; hover_enabled=&#8221;0&#8243; global_colors_info=&#8221;{}&#8221; sticky_enabled=&#8221;0&#8243;][\/et_pb_image][et_pb_text _builder_version=&#8221;4.23.1&#8243; _module_preset=&#8221;default&#8221; text_font=&#8221;Inter|300|||||||&#8221; text_text_color=&#8221;#3a3a3a&#8221; text_font_size=&#8221;22px&#8221; hover_enabled=&#8221;0&#8243; global_colors_info=&#8221;{}&#8221; sticky_enabled=&#8221;0&#8243;]<\/p>\n<div class=\"dj-member\" data-name=\"felicia tran phan\" data-role=\"kommunikat\u00f6r\" data-section=\"design och produktutveckling\" data-tasks=\"sk\u00f6ter f\u00f6reningens externa kommunikation och marknadsf\u00f6ring. ansvarar f\u00f6r sociala medier, grafiskt material och informationsspridning inf\u00f6r evenemang.\" data-genre=\"house\" data-img=\"https:\/\/svea.chs.chalmers.se\/new\/wp-content\/uploads\/2026\/01\/ftp-1.png\">\n<p><b>kommunikat\u00f6r<\/b><br \/>\n    felicia tran phan<\/p>\n<\/div>\n<p>[\/et_pb_text][\/et_pb_column][et_pb_column type=&#8221;1_4&#8243; _builder_version=&#8221;4.23.1&#8243; _module_preset=&#8221;default&#8221; global_colors_info=&#8221;{}&#8221;][et_pb_image src=&#8221;https:\/\/svea.chs.chalmers.se\/new\/wp-content\/uploads\/2026\/01\/fk-1.png&#8221; module_class=&#8221;bw-hover&#8221; _builder_version=&#8221;4.23.1&#8243; _module_preset=&#8221;default&#8221; custom_margin=&#8221;||10px||false|false&#8221; global_colors_info=&#8221;{}&#8221;][\/et_pb_image][et_pb_text _builder_version=&#8221;4.23.1&#8243; _module_preset=&#8221;default&#8221; text_font=&#8221;Inter|300|||||||&#8221; text_text_color=&#8221;#3a3a3a&#8221; text_font_size=&#8221;22px&#8221; global_colors_info=&#8221;{}&#8221;]<\/p>\n<div class=\"dj-member\" data-name=\"felix kuhlin\" data-role=\"webmaster\" data-section=\"design och produktutveckling\" data-tasks=\"ansvarar f\u00f6r f\u00f6reningens digitala plattformar och tekniska infrastruktur. utvecklar och underh\u00e5ller hemsida, system och tekniska l\u00f6sningar.\" data-genre=\"dubs, trance, hardgroove\" data-img=\"https:\/\/svea.chs.chalmers.se\/new\/wp-content\/uploads\/2026\/01\/fk-1.png\">\n<p><b>webmaster<\/b><br \/>\n    felix kuhlin<\/p>\n<\/div>\n<p>[\/et_pb_text][\/et_pb_column][et_pb_column type=&#8221;1_4&#8243; _builder_version=&#8221;4.23.1&#8243; _module_preset=&#8221;default&#8221; global_colors_info=&#8221;{}&#8221;][et_pb_image src=&#8221;https:\/\/svea.chs.chalmers.se\/new\/wp-content\/uploads\/2026\/01\/nb-1.png&#8221; module_class=&#8221;bw-hover&#8221; _builder_version=&#8221;4.23.1&#8243; _module_preset=&#8221;default&#8221; custom_margin=&#8221;||10px||false|false&#8221; global_colors_info=&#8221;{}&#8221;][\/et_pb_image][et_pb_text _builder_version=&#8221;4.23.1&#8243; _module_preset=&#8221;default&#8221; text_font=&#8221;Inter|300|||||||&#8221; text_text_color=&#8221;#3a3a3a&#8221; text_font_size=&#8221;22px&#8221; global_colors_info=&#8221;{}&#8221;]<\/p>\n<div class=\"dj-member\" data-name=\"nils burreau\" data-role=\"teknikchef\" data-section=\"teknisk matematik\" data-tasks=\"ansvarar f\u00f6r underh\u00e5ll, reparation och funktion av f\u00f6reningens ljud- och ljusutrustning. s\u00e4kerst\u00e4ller att all teknik \u00e4r i gott skick inf\u00f6r spelningar och \u00e5tg\u00e4rdar snabbt eventuella tekniska problem.\" data-genre=\"hip-hop\" data-img=\"https:\/\/svea.chs.chalmers.se\/new\/wp-content\/uploads\/2026\/01\/nb-1.png\">\n<p><b>teknikchef<\/b><br \/>\n    nils burreau<\/p>\n<\/div>\n<p>[\/et_pb_text][\/et_pb_column][et_pb_column type=&#8221;1_4&#8243; _builder_version=&#8221;4.23.1&#8243; _module_preset=&#8221;default&#8221; global_colors_info=&#8221;{}&#8221;][et_pb_image src=&#8221;https:\/\/svea.chs.chalmers.se\/new\/wp-content\/uploads\/2026\/01\/hp-1.png&#8221; module_class=&#8221;bw-hover&#8221; _builder_version=&#8221;4.23.1&#8243; _module_preset=&#8221;default&#8221; custom_margin=&#8221;||10px||false|false&#8221; global_colors_info=&#8221;{}&#8221;][\/et_pb_image][et_pb_text _builder_version=&#8221;4.23.1&#8243; _module_preset=&#8221;default&#8221; text_font=&#8221;Inter|300|||||||&#8221; text_text_color=&#8221;#3a3a3a&#8221; text_font_size=&#8221;22px&#8221; global_colors_info=&#8221;{}&#8221;]<\/p>\n<p><b>skivm\u00e4rkare<\/b><br \/>\nhenrik peters<\/p>\n<p>[\/et_pb_text][\/et_pb_column][\/et_pb_row][et_pb_row column_structure=&#8221;1_4,1_4,1_4,1_4&#8243; _builder_version=&#8221;4.23.1&#8243; _module_preset=&#8221;default&#8221; width=&#8221;65%&#8221; max_width=&#8221;65%&#8221; custom_css_free_form=&#8221;.bw-hover img {||    filter: grayscale(100%);||    transition: all 0.4s ease;||}||||\/* Hover = full f\u00e4rg *\/||.bw-hover:hover img {||    filter: grayscale(0%);||}&#8221; global_colors_info=&#8221;{}&#8221;][et_pb_column type=&#8221;1_4&#8243; _builder_version=&#8221;4.23.1&#8243; _module_preset=&#8221;default&#8221; global_colors_info=&#8221;{}&#8221;][et_pb_image src=&#8221;https:\/\/svea.chs.chalmers.se\/new\/wp-content\/uploads\/2026\/01\/aj3.png&#8221; module_class=&#8221;bw-hover&#8221; _builder_version=&#8221;4.23.1&#8243; _module_preset=&#8221;default&#8221; custom_margin=&#8221;||10px||false|false&#8221; custom_padding=&#8221;||0px||false|false&#8221; global_colors_info=&#8221;{}&#8221;][\/et_pb_image][et_pb_text _builder_version=&#8221;4.23.1&#8243; _module_preset=&#8221;default&#8221; text_font=&#8221;Inter|300|||||||&#8221; text_text_color=&#8221;#3a3a3a&#8221; text_font_size=&#8221;22px&#8221; global_colors_info=&#8221;{}&#8221;]<\/p>\n<p><b>skivm\u00e4rkare<\/b><br \/>\nalbin johansson<\/p>\n<p>[\/et_pb_text][\/et_pb_column][et_pb_column type=&#8221;1_4&#8243; _builder_version=&#8221;4.23.1&#8243; _module_preset=&#8221;default&#8221; global_colors_info=&#8221;{}&#8221;][et_pb_image src=&#8221;https:\/\/svea.chs.chalmers.se\/new\/wp-content\/uploads\/2026\/01\/ed.png&#8221; module_class=&#8221;bw-hover&#8221; _builder_version=&#8221;4.23.1&#8243; _module_preset=&#8221;default&#8221; custom_margin=&#8221;||10px||false|false&#8221; global_colors_info=&#8221;{}&#8221;][\/et_pb_image][et_pb_text _builder_version=&#8221;4.23.1&#8243; _module_preset=&#8221;default&#8221; text_font=&#8221;Inter|300|||||||&#8221; text_text_color=&#8221;#3a3a3a&#8221; text_font_size=&#8221;22px&#8221; global_colors_info=&#8221;{}&#8221;]<\/p>\n<p><b>skivm\u00e4rkare<\/b><br \/>\nembla dreifaldt<\/p>\n<p>[\/et_pb_text][\/et_pb_column][et_pb_column type=&#8221;1_4&#8243; _builder_version=&#8221;4.23.1&#8243; _module_preset=&#8221;default&#8221; global_colors_info=&#8221;{}&#8221;][et_pb_image src=&#8221;https:\/\/svea.chs.chalmers.se\/new\/wp-content\/uploads\/2026\/01\/lf.png&#8221; module_class=&#8221;bw-hover&#8221; _builder_version=&#8221;4.23.1&#8243; _module_preset=&#8221;default&#8221; custom_margin=&#8221;||10px||false|false&#8221; global_colors_info=&#8221;{}&#8221;][\/et_pb_image][et_pb_text _builder_version=&#8221;4.23.1&#8243; _module_preset=&#8221;default&#8221; text_font=&#8221;Inter|300|||||||&#8221; text_text_color=&#8221;#3a3a3a&#8221; text_font_size=&#8221;22px&#8221; global_colors_info=&#8221;{}&#8221;]<\/p>\n<p><b>skivm\u00e4rkare<\/b><br \/>\nlinn\u00e9a forsberg<\/p>\n<p>[\/et_pb_text][\/et_pb_column][et_pb_column type=&#8221;1_4&#8243; _builder_version=&#8221;4.23.1&#8243; _module_preset=&#8221;default&#8221; global_colors_info=&#8221;{}&#8221;][et_pb_image src=&#8221;https:\/\/svea.chs.chalmers.se\/new\/wp-content\/uploads\/2026\/01\/mr.png&#8221; title_text=&#8221;sigma&#8221; module_class=&#8221;bw-hover&#8221; _builder_version=&#8221;4.23.1&#8243; _module_preset=&#8221;default&#8221; custom_margin=&#8221;||10px||false|false&#8221; global_colors_info=&#8221;{}&#8221;][\/et_pb_image][et_pb_text _builder_version=&#8221;4.23.1&#8243; _module_preset=&#8221;default&#8221; text_font=&#8221;Inter|300|||||||&#8221; text_text_color=&#8221;#3a3a3a&#8221; text_font_size=&#8221;22px&#8221; global_colors_info=&#8221;{}&#8221;]<\/p>\n<p><b>skivm\u00e4rkare<\/b><br \/>\nmalte rabow<\/p>\n<p>[\/et_pb_text][\/et_pb_column][\/et_pb_row][et_pb_row _builder_version=&#8221;4.23.1&#8243; _module_preset=&#8221;default&#8221; global_colors_info=&#8221;{}&#8221;][et_pb_column type=&#8221;4_4&#8243; _builder_version=&#8221;4.23.1&#8243; _module_preset=&#8221;default&#8221; global_colors_info=&#8221;{}&#8221;][et_pb_text _builder_version=&#8221;4.23.1&#8243; _module_preset=&#8221;default&#8221; text_font=&#8221;Inter|300|||||||&#8221; text_text_color=&#8221;#3a3a3a&#8221; text_font_size=&#8221;18px&#8221; text_orientation=&#8221;center&#8221; global_colors_info=&#8221;{}&#8221;]<\/p>\n<p>vill du bli en del av v\u00e5rt g\u00e4ng? f\u00f6lj oss p\u00e5 <b><a href=\"https:\/\/www.instagram.com\/sveaskivgarde\/\">instagram<\/a><\/b> f\u00f6r att h\u00e5lla dig uppdaterad om n\u00e4r v\u00e5r aspning b\u00f6rjar!<\/p>\n<p>[\/et_pb_text][\/et_pb_column][\/et_pb_row][et_pb_row disabled_on=&#8221;off|off|off&#8221; _builder_version=&#8221;4.23.1&#8243; _module_preset=&#8221;default&#8221; global_colors_info=&#8221;{}&#8221;][et_pb_column type=&#8221;4_4&#8243; _builder_version=&#8221;4.23.1&#8243; _module_preset=&#8221;default&#8221; global_colors_info=&#8221;{}&#8221;][et_pb_code _builder_version=&#8221;4.23.1&#8243; _module_preset=&#8221;default&#8221; hover_enabled=&#8221;0&#8243; global_colors_info=&#8221;{}&#8221; sticky_enabled=&#8221;0&#8243;]<!-- Popup --><!-- [et_pb_line_break_holder] --><!--  \n\n<div class=\"dj-popup-content\"><!-- [et_pb_line_break_holder] -->    <span class=\"dj-popup-close\">\u00d7<\/span><!-- [et_pb_line_break_holder] -->    <\/p>\n<div class=\"dj-popup-left\"><!-- [et_pb_line_break_holder] -->      <pee><b><span id=\"popup-role\"><\/span><\/b><!-- [et_pb_line_break_holder] -->      <span id=\"popup-name\"><\/span><\/pee><!-- [et_pb_line_break_holder] -->      <pee><b>sektion:<\/b> <span id=\"popup-section\"><\/span><\/pee><!-- [et_pb_line_break_holder] -->      <pee><b>arbetsuppgifter:<\/b> <span id=\"popup-tasks\"><\/span><\/pee><!-- [et_pb_line_break_holder] -->      <pee><b>favoritgenre:<\/b> <span id=\"popup-genre\"><\/span><\/pee><!-- [et_pb_line_break_holder] -->    <\/div>\n<p><!-- [et_pb_line_break_holder] -->    <\/p>\n<div class=\"dj-popup-right\" class=\"bw-hover\"><!-- [et_pb_line_break_holder] -->      <img decoding=\"async\" id=\"popup-img\" class=\"bw-hover\" src=\"\" alt=\"medlem\"><!-- [et_pb_line_break_holder] -->    <\/div>\n<p><!-- [et_pb_line_break_holder] -->  <\/div>\n<p><!-- [et_pb_line_break_holder] --><\/div>\n<p><!-- [et_pb_line_break_holder] -->&#8211;>[\/et_pb_code][\/et_pb_column][\/et_pb_row][\/et_pb_section]<\/p>\n","protected":false},"excerpt":{"rendered":"<p>ordf\u00f6rande simon persson kass\u00f6r ernest laskowski bokningsansvarig anna nordstr\u00f6m ink\u00f6pschef emma kusag\u00e5rd kommunikat\u00f6r felicia tran phan webmaster felix kuhlin teknikchef nils burreau skivm\u00e4rkare henrik petersskivm\u00e4rkare albin johanssonskivm\u00e4rkare embla dreifaldtskivm\u00e4rkare linn\u00e9a forsbergskivm\u00e4rkare malte rabowvill du bli en del av v\u00e5rt g\u00e4ng? f\u00f6lj oss p\u00e5 instagram f\u00f6r att h\u00e5lla dig uppdaterad om n\u00e4r v\u00e5r aspning b\u00f6rjar!<\/p>\n","protected":false},"author":1,"featured_media":0,"parent":0,"menu_order":0,"comment_status":"closed","ping_status":"closed","template":"","meta":{"_et_pb_use_builder":"on","_et_pb_old_content":"","_et_gb_content_width":"","footnotes":""},"class_list":["post-240942","page","type-page","status-publish","hentry"],"_links":{"self":[{"href":"https:\/\/svea.chs.chalmers.se\/new\/index.php?rest_route=\/wp\/v2\/pages\/240942","targetHints":{"allow":["GET"]}}],"collection":[{"href":"https:\/\/svea.chs.chalmers.se\/new\/index.php?rest_route=\/wp\/v2\/pages"}],"about":[{"href":"https:\/\/svea.chs.chalmers.se\/new\/index.php?rest_route=\/wp\/v2\/types\/page"}],"author":[{"embeddable":true,"href":"https:\/\/svea.chs.chalmers.se\/new\/index.php?rest_route=\/wp\/v2\/users\/1"}],"replies":[{"embeddable":true,"href":"https:\/\/svea.chs.chalmers.se\/new\/index.php?rest_route=%2Fwp%2Fv2%2Fcomments&post=240942"}],"version-history":[{"count":95,"href":"https:\/\/svea.chs.chalmers.se\/new\/index.php?rest_route=\/wp\/v2\/pages\/240942\/revisions"}],"predecessor-version":[{"id":242450,"href":"https:\/\/svea.chs.chalmers.se\/new\/index.php?rest_route=\/wp\/v2\/pages\/240942\/revisions\/242450"}],"wp:attachment":[{"href":"https:\/\/svea.chs.chalmers.se\/new\/index.php?rest_route=%2Fwp%2Fv2%2Fmedia&parent=240942"}],"curies":[{"name":"wp","href":"https:\/\/api.w.org\/{rel}","templated":true}]}}